{"id":3,"date":"2023-10-14T15:49:07","date_gmt":"2023-10-14T15:49:07","guid":{"rendered":"https:\/\/anticarua.it\/?page_id=3"},"modified":"2023-11-07T18:00:55","modified_gmt":"2023-11-07T18:00:55","slug":"privacy-policy","status":"publish","type":"page","link":"https:\/\/anticarua.it\/en\/privacy-policy\/","title":{"rendered":"Privacy Policy"},"content":{"rendered":"<p>La privacy \u00e8 importante per noi.<br>I dati forniti utilizzando il nostro sito sono raccolti al solo fine di eseguire il servizio o la prestazione richiesta e non sono comunicati a soggetti terzi, salvo che la comunicazione sia imposta da obblighi di legge o sia strettamente necessaria per soddisfare una richiesta.<br>I dati non vengono utilizzati per l\u2019invio di comunicazioni commerciali.<\/p>\n\n\n\n<h3 class=\"wp-block-heading\">Titolare del trattamento dati<\/h3>\n\n\n\n<p>Nome: B&amp;B Antica Rua<br>Indirizzo: Via Salita la Croce &#8211; 67030, Opi (AQ) <strong>\u2013<\/strong> Italia<br>Tel.: 0863 91 0646<br>E-mail: <a href=\"mailto:info@anticarua.it\">info@anticarua.it<\/a><\/p>\n\n\n\n<h3 class=\"wp-block-heading\">I dati<\/h3>\n\n\n\n<p>Il consenso per il trattamento dei dati deve essere libero, specifico, informato e inequivocabile e in qualsiasi momento pu\u00f2 essere revocato.<br>Abbiamo a cuore la sicurezza dei dati.<br>Adoperiamo misure specifiche per prevenire la perdita, gli usi illeciti o non corretti e gli accessi non autorizzati dei dati.<\/p>\n\n\n\n<p>Il trattamento dei dati avviene nel caso:<\/p>\n\n\n\n<ul class=\"wp-block-list\">\n<li>Hai prestato il consenso per una o pi\u00f9 finalit\u00e0 specifiche;<\/li>\n\n\n\n<li>Per adempiere un obbligo legale;<\/li>\n\n\n\n<li>Per il perseguimento di un legittimo interesse.<\/li>\n<\/ul>\n\n\n\n<p>I dati sono conservati solo per il tempo necessario ad eseguire il servizio richiesto, e a verificarne il corretto adempimento.<br>Quando il trattamento \u00e8 basato sul consenso, potremmo conservare i dati fino a quando il consenso non verr\u00e0 revocato.<br>Per ottemperare ad un obbligo legale o per un ordine di un\u2019autorit\u00e0, potremmo conservare i dati per un periodo maggiore.<br>I dati raccolti per finalit\u00e0 riconducibili ad legittimo interesse saranno conservati fino al soddisfacimento di tale interesse.<\/p>\n\n\n\n<p>Al termine del periodo di conservazione, i dati saranno cancellati. Di conseguenza il diritto di accesso, rettificazione, cancellazione ed il diritto alla portabilit\u00e0 dei dati non potranno pi\u00f9 essere esercitati.<\/p>\n\n\n\n<p>Il trattamento dei dati \u00e8 effettuato presso la nostra sede e nei luoghi delle altre parti coinvolte nel trattamento.<\/p>\n\n\n\n<p>Trattiamo i dati con strumenti automatizzati e\/o manuali. I dati non sono diffusi a terzi se non all\u2019unico scopo di perseguire le finalit\u00e0 indicate nel presente documento.<\/p>\n\n\n\n<p>L\u2019accesso ai dati potrebbe essere effettuato da parte di altri soggetti coinvolti nell\u2019organizzazione (ad esempio personale commerciale, amministrativo, marketing, amministratori di sistema, ecc.) oppure da parte di soggetti esterni (come hosting provider, fornitori di servizi tecnici terzi, societ\u00e0 informatiche, agenzie di comunicazione, ecc.) designati, se necessario, responsabili del trattamento.<\/p>\n\n\n\n<p>In ogni momento si pu\u00f2 richiedere l\u2019elenco aggiornato dei responsabili del trattamento.<\/p>\n\n\n\n<h3 class=\"wp-block-heading\">Dati raccolti<\/h3>\n\n\n\n<p>Tra i dati raccolti in questo sito, in modo autonomo o tramite terze parti, ci sono: indirizzo email, password, nome, cognome, id utente, cookie, dati di utilizzo.<\/p>\n\n\n\n<p>I dati possono esserci forniti direttamente oppure essere raccolti in automatico durante l\u2019uso del sito.<br>I dati acquisiti sono in ogni caso non eccedenti le finalit\u00e0 per le quali sono raccolti o successivamente trattati, e conservati in una forma che consenta l\u2019identificazione dell\u2019interessato per un periodo di tempo non superiore a quello necessario agli scopi per i quali sono stati raccolti o successivamente trattati.<\/p>\n\n\n\n<p>L\u2019eventuale utilizzo di cookie (o di altri strumenti di tracciamento) ha la finalit\u00e0 di fornirti il servizio richiesto, oltre alle ulteriori finalit\u00e0 descritte nel presente documento.<\/p>\n\n\n\n<h3 class=\"wp-block-heading\">I tuoi diritti<\/h3>\n\n\n\n<p><strong>Diritto di informazione<\/strong><br>Assicura che le comunicazioni riguardanti la privacy (come questo documento) siano chiare, di facile comprensione e ben visibili nel sito.\u00a0<\/p>\n\n\n\n<p><strong>Diritto di accesso<\/strong><br>\u00c8 il diritto che permette di conoscere quali dati abbiamo in possesso, per quanto saranno conservati e d\u00e0 la possibilit\u00e0 di ricevere una copia.\u00a0<\/p>\n\n\n\n<p><strong>Diritto di rettificazione<\/strong><br>Consente di verificare la correttezza dei dati e richiederne la modifica nel caso siano sbagliati o inaccurati.<\/p>\n\n\n\n<p><strong>Diritto di cancellazione<\/strong><br>Quando i dati non sono pi\u00f9 rilevanti allo scopo per cui sono stati raccolti o si decide di revocare il consenso, si ha il diritto di richiedere la rimozione dei dati.<\/p>\n\n\n\n<p><strong>Diritto di limitazione del trattamento<\/strong><br>In alcuni casi specifici, si pu\u00f2 richiedere la limitazione del trattamento dei dati. In tal caso, i dati verranno conservati e non saranno trattati in altro modo.\u00a0<\/p>\n\n\n\n<p><strong>Diritto alla portabilit\u00e0 dei dati<\/strong><br>Si ha il diritto di ottenere i dati in un formato di uso comune, leggibile da dispositivi automatici e, se tecnicamente possibile, il trasferimento senza ostacoli dei dati verso un altro titolare.<br>Questo diritto si applica per i dati forniti con esplicito consenso.<\/p>\n\n\n\n<p><strong>Diritto di opporsi<\/strong><br>Si diritto di opporsi al trattamento dei dati quando questi non sono stati raccolti utilizzando un esplicito consenso.\u00a0<\/p>\n\n\n\n<p><strong>Diritto di reclamo<\/strong><br>Si ha il diritto di esporre un reclamo all&#8217;autorit\u00e0 di controllo della protezione dei dati personali o agire in sede giudiziale.<\/p>\n\n\n\n<p>Per esercitare i diritti si pu\u00f2 inviare una richiesta ai contatti riportati nella parte iniziale di questo documento. La richiesta sar\u00e0 evasa gratuitamente nel pi\u00f9 breve tempo possibile.<\/p>\n\n\n\n<h3 class=\"wp-block-heading\">Ulteriori informazioni sul trattamento<\/h3>\n\n\n\n<p>Per un servizio completo il sito potrebbe contenere link ad altri siti non gestiti da noi.<br>Non siamo responsabili di errori, contenuti, cookie, pubblicazioni di contenuto immorale illecito, pubblicit\u00e0, banner o file non conformi alle disposizioni normative vigenti e del rispetto della normativa privacy da parte di siti da noi non gestiti a cui si fa riferimento.<\/p>\n\n\n\n<p>Per migliorare il servizio offerto, \u00e8 gradita la segnalazione di malfunzionamenti.<\/p>","protected":false},"excerpt":{"rendered":"<p>La privacy \u00e8 importante per noi.I dati forniti utilizzando il nostro sito sono raccolti al solo fine di eseguire il servizio o la prestazione richiesta e non sono comunicati a soggetti terzi, salvo che la comunicazione sia imposta da obblighi di legge o sia strettamente necessaria per soddisfare una richiesta.I dati non vengono utilizzati per [&hellip;]<\/p>\n","protected":false},"author":1,"featured_media":0,"parent":0,"menu_order":0,"comment_status":"closed","ping_status":"open","template":"","meta":{"_monsterinsights_skip_tracking":false,"_monsterinsights_sitenote_active":false,"_monsterinsights_sitenote_note":"","_monsterinsights_sitenote_category":0,"footnotes":""},"class_list":["post-3","page","type-page","status-publish","hentry"],"yoast_head":"<!-- This site is optimized with the Yoast SEO plugin v27.3 - https:\/\/yoast.com\/product\/yoast-seo-wordpress\/ -->\n<title>Privacy Policy - Antica Rua<\/title>\n<meta name=\"robots\" content=\"index, follow, max-snippet:-1, max-image-preview:large, max-video-preview:-1\" \/>\n<link rel=\"canonical\" href=\"https:\/\/anticarua.it\/en\/privacy-policy\/\" \/>\n<meta property=\"og:locale\" content=\"en_GB\" \/>\n<meta property=\"og:type\" content=\"article\" \/>\n<meta property=\"og:title\" content=\"Privacy Policy - Antica Rua\" \/>\n<meta property=\"og:description\" content=\"La privacy \u00e8 importante per noi.I dati forniti utilizzando il nostro sito sono raccolti al solo fine di eseguire il servizio o la prestazione richiesta e non sono comunicati a soggetti terzi, salvo che la comunicazione sia imposta da obblighi di legge o sia strettamente necessaria per soddisfare una richiesta.I dati non vengono utilizzati per [&hellip;]\" \/>\n<meta property=\"og:url\" content=\"https:\/\/anticarua.it\/en\/privacy-policy\/\" \/>\n<meta property=\"og:site_name\" content=\"Antica Rua\" \/>\n<meta property=\"article:publisher\" content=\"https:\/\/www.facebook.com\/anticarua\" \/>\n<meta property=\"article:modified_time\" content=\"2023-11-07T18:00:55+00:00\" \/>\n<meta name=\"twitter:card\" content=\"summary_large_image\" \/>\n<meta name=\"twitter:label1\" content=\"Estimated reading time\" \/>\n\t<meta name=\"twitter:data1\" content=\"5 minutes\" \/>\n<script type=\"application\/ld+json\" class=\"yoast-schema-graph\">{\"@context\":\"https:\\\/\\\/schema.org\",\"@graph\":[{\"@type\":\"WebPage\",\"@id\":\"https:\\\/\\\/anticarua.it\\\/privacy-policy\\\/\",\"url\":\"https:\\\/\\\/anticarua.it\\\/privacy-policy\\\/\",\"name\":\"Privacy Policy - Antica Rua\",\"isPartOf\":{\"@id\":\"https:\\\/\\\/anticarua.it\\\/#website\"},\"datePublished\":\"2023-10-14T15:49:07+00:00\",\"dateModified\":\"2023-11-07T18:00:55+00:00\",\"breadcrumb\":{\"@id\":\"https:\\\/\\\/anticarua.it\\\/privacy-policy\\\/#breadcrumb\"},\"inLanguage\":\"en-GB\",\"potentialAction\":[{\"@type\":\"ReadAction\",\"target\":[\"https:\\\/\\\/anticarua.it\\\/privacy-policy\\\/\"]}]},{\"@type\":\"BreadcrumbList\",\"@id\":\"https:\\\/\\\/anticarua.it\\\/privacy-policy\\\/#breadcrumb\",\"itemListElement\":[{\"@type\":\"ListItem\",\"position\":1,\"name\":\"Home\",\"item\":\"https:\\\/\\\/anticarua.it\\\/it\\\/\"},{\"@type\":\"ListItem\",\"position\":2,\"name\":\"Privacy Policy\"}]},{\"@type\":\"WebSite\",\"@id\":\"https:\\\/\\\/anticarua.it\\\/#website\",\"url\":\"https:\\\/\\\/anticarua.it\\\/\",\"name\":\"Antica Rua\",\"description\":\"Affittacamere e B&amp;B ad Opi\",\"publisher\":{\"@id\":\"https:\\\/\\\/anticarua.it\\\/#organization\"},\"potentialAction\":[{\"@type\":\"SearchAction\",\"target\":{\"@type\":\"EntryPoint\",\"urlTemplate\":\"https:\\\/\\\/anticarua.it\\\/?s={search_term_string}\"},\"query-input\":{\"@type\":\"PropertyValueSpecification\",\"valueRequired\":true,\"valueName\":\"search_term_string\"}}],\"inLanguage\":\"en-GB\"},{\"@type\":\"Organization\",\"@id\":\"https:\\\/\\\/anticarua.it\\\/#organization\",\"name\":\"B&B Antica Rua\",\"url\":\"https:\\\/\\\/anticarua.it\\\/\",\"logo\":{\"@type\":\"ImageObject\",\"inLanguage\":\"en-GB\",\"@id\":\"https:\\\/\\\/anticarua.it\\\/#\\\/schema\\\/logo\\\/image\\\/\",\"url\":\"https:\\\/\\\/anticarua.it\\\/wp-content\\\/uploads\\\/2023\\\/10\\\/logo-antica-rua-opi.png\",\"contentUrl\":\"https:\\\/\\\/anticarua.it\\\/wp-content\\\/uploads\\\/2023\\\/10\\\/logo-antica-rua-opi.png\",\"width\":1413,\"height\":553,\"caption\":\"B&B Antica Rua\"},\"image\":{\"@id\":\"https:\\\/\\\/anticarua.it\\\/#\\\/schema\\\/logo\\\/image\\\/\"},\"sameAs\":[\"https:\\\/\\\/www.facebook.com\\\/anticarua\"]}]}<\/script>\n<!-- \/ Yoast SEO plugin. -->","yoast_head_json":{"title":"Privacy Policy - Antica Rua","robots":{"index":"index","follow":"follow","max-snippet":"max-snippet:-1","max-image-preview":"max-image-preview:large","max-video-preview":"max-video-preview:-1"},"canonical":"https:\/\/anticarua.it\/en\/privacy-policy\/","og_locale":"en_GB","og_type":"article","og_title":"Privacy Policy - Antica Rua","og_description":"La privacy \u00e8 importante per noi.I dati forniti utilizzando il nostro sito sono raccolti al solo fine di eseguire il servizio o la prestazione richiesta e non sono comunicati a soggetti terzi, salvo che la comunicazione sia imposta da obblighi di legge o sia strettamente necessaria per soddisfare una richiesta.I dati non vengono utilizzati per [&hellip;]","og_url":"https:\/\/anticarua.it\/en\/privacy-policy\/","og_site_name":"Antica Rua","article_publisher":"https:\/\/www.facebook.com\/anticarua","article_modified_time":"2023-11-07T18:00:55+00:00","twitter_card":"summary_large_image","twitter_misc":{"Estimated reading time":"5 minutes"},"schema":{"@context":"https:\/\/schema.org","@graph":[{"@type":"WebPage","@id":"https:\/\/anticarua.it\/privacy-policy\/","url":"https:\/\/anticarua.it\/privacy-policy\/","name":"Privacy Policy - Antica Rua","isPartOf":{"@id":"https:\/\/anticarua.it\/#website"},"datePublished":"2023-10-14T15:49:07+00:00","dateModified":"2023-11-07T18:00:55+00:00","breadcrumb":{"@id":"https:\/\/anticarua.it\/privacy-policy\/#breadcrumb"},"inLanguage":"en-GB","potentialAction":[{"@type":"ReadAction","target":["https:\/\/anticarua.it\/privacy-policy\/"]}]},{"@type":"BreadcrumbList","@id":"https:\/\/anticarua.it\/privacy-policy\/#breadcrumb","itemListElement":[{"@type":"ListItem","position":1,"name":"Home","item":"https:\/\/anticarua.it\/it\/"},{"@type":"ListItem","position":2,"name":"Privacy Policy"}]},{"@type":"WebSite","@id":"https:\/\/anticarua.it\/#website","url":"https:\/\/anticarua.it\/","name":"Antica Rua","description":"Guest houses and B&amp;Bs in Opi","publisher":{"@id":"https:\/\/anticarua.it\/#organization"},"potentialAction":[{"@type":"SearchAction","target":{"@type":"EntryPoint","urlTemplate":"https:\/\/anticarua.it\/?s={search_term_string}"},"query-input":{"@type":"PropertyValueSpecification","valueRequired":true,"valueName":"search_term_string"}}],"inLanguage":"en-GB"},{"@type":"Organization","@id":"https:\/\/anticarua.it\/#organization","name":"B&B Antica Rua","url":"https:\/\/anticarua.it\/","logo":{"@type":"ImageObject","inLanguage":"en-GB","@id":"https:\/\/anticarua.it\/#\/schema\/logo\/image\/","url":"https:\/\/anticarua.it\/wp-content\/uploads\/2023\/10\/logo-antica-rua-opi.png","contentUrl":"https:\/\/anticarua.it\/wp-content\/uploads\/2023\/10\/logo-antica-rua-opi.png","width":1413,"height":553,"caption":"B&B Antica Rua"},"image":{"@id":"https:\/\/anticarua.it\/#\/schema\/logo\/image\/"},"sameAs":["https:\/\/www.facebook.com\/anticarua"]}]}},"_links":{"self":[{"href":"https:\/\/anticarua.it\/en\/wp-json\/wp\/v2\/pages\/3","targetHints":{"allow":["GET"]}}],"collection":[{"href":"https:\/\/anticarua.it\/en\/wp-json\/wp\/v2\/pages"}],"about":[{"href":"https:\/\/anticarua.it\/en\/wp-json\/wp\/v2\/types\/page"}],"author":[{"embeddable":true,"href":"https:\/\/anticarua.it\/en\/wp-json\/wp\/v2\/users\/1"}],"replies":[{"embeddable":true,"href":"https:\/\/anticarua.it\/en\/wp-json\/wp\/v2\/comments?post=3"}],"version-history":[{"count":3,"href":"https:\/\/anticarua.it\/en\/wp-json\/wp\/v2\/pages\/3\/revisions"}],"predecessor-version":[{"id":190,"href":"https:\/\/anticarua.it\/en\/wp-json\/wp\/v2\/pages\/3\/revisions\/190"}],"wp:attachment":[{"href":"https:\/\/anticarua.it\/en\/wp-json\/wp\/v2\/media?parent=3"}],"curies":[{"name":"wp","href":"https:\/\/api.w.org\/{rel}","templated":true}]}}